{"id":8,"date":"2021-10-19T17:03:52","date_gmt":"2021-10-19T17:03:52","guid":{"rendered":"https:\/\/listinghive.hivepress.io\/?page_id=8"},"modified":"2026-04-15T05:14:16","modified_gmt":"2026-04-15T03:14:16","slug":"home","status":"publish","type":"page","link":"https:\/\/ploh24.pl\/","title":{"rendered":"Home"},"content":{"rendered":"\n<h3 class=\"wp-block-heading has-text-align-center\">Aktualna Oferta &#8211; aktualizacja z dnia 15.04.2026 05:14<\/h3>\n\n\n\n<hr class=\"wp-block-separator has-alpha-channel-opacity\"\/>\n\n\n\n<p class=\"has-text-align-center has-medium-font-size\">Brak produktu na stronie oznacza, \u017ce, zosta\u0142 on definitywnie wycofany z oferty.<\/p>\n\n\n\n<hr class=\"wp-block-separator has-alpha-channel-opacity\"\/>\n\n\n\n<p class=\"has-text-align-center has-medium-font-size\"><strong><mark style=\"background-color:rgba(0, 0, 0, 0);color:#8dedfc\" class=\"has-inline-color\">Produkt LIMITOWANY<\/mark><mark style=\"background-color:rgba(0, 0, 0, 0)\" class=\"has-inline-color has-pale-cyan-blue-color\"> <\/mark><\/strong>&#8211; upewnij si\u0119 u swojego opiekuna, \u017ce dany <mark style=\"background-color:rgba(0, 0, 0, 0);color:#8dedfc\" class=\"has-inline-color\">produkt jest dost\u0119pny dla Twojego rejonu\/klienta<\/mark>.<\/p>\n\n\n\n<p class=\"has-text-align-center has-medium-font-size\"><strong><mark style=\"background-color:rgba(0, 0, 0, 0);color:#ddfc00\" class=\"has-inline-color\">Produkt KAUCYJNY<\/mark><\/strong> &#8211; upewnij si\u0119, \u017ce na Twoim rejonie zosta\u0142 wprowadzony <mark style=\"background-color:rgba(0, 0, 0, 0);color:#ddfc00\" class=\"has-inline-color\">kaucyjny system sprzeda\u017cy<\/mark>.<\/p>\n\n\n\n<hr class=\"wp-block-separator has-alpha-channel-opacity\"\/>\n\n\n\n<!--more-->\n<!--noteaser-->\n\n\n <form class=\"hp-form--wide hp-form--primary hp-block hp-form hp-form--listing-search\" action=\"https:\/\/ploh24.pl\" method=\"GET\" data-component=\"form\"><div class=\"hp-form__messages\" data-component=\"messages\"><\/div><div class=\"hp-form__fields\"><input type=\"hidden\" name=\"post_type\" value=\"hp_listing\" class=\"hp-field hp-field--hidden\"><select name=\"_category\" class=\"hp-field hp-field--hidden\"><option value=\"\">Wszystkie kategorie<\/option><option value=\"21\">Batony i Wafle<\/option><option value=\"27\">Chipsy, Paluszki, Pretzle, Popcorn<\/option><option value=\"29\">Dro\u017cd\u017c\u00f3wki, Gofry, Rogale<\/option><option value=\"42\">Orzeszki, Dra\u017ce, \u017belki, Lizaki<\/option><option value=\"37\">Kanapki, Dania Obiadowe &amp; Kabanosy<\/option><option value=\"38\">Napoje Niegazowane<\/option><option value=\"49\" data-level=\"1\" data-parent=\"38\">PET<\/option><option value=\"50\" data-level=\"1\" data-parent=\"38\">Puszki<\/option><option value=\"51\" data-level=\"1\" data-parent=\"38\">Szk\u0142o<\/option><option value=\"39\">Napoje Gazowane<\/option><option value=\"48\" data-level=\"1\" data-parent=\"39\">PET<\/option><option value=\"47\" data-level=\"1\" data-parent=\"39\">Puszki<\/option><option value=\"40\">Produkty w Proszku<\/option><option value=\"41\">Kawa<\/option><option value=\"45\">Kubki i mieszade\u0142ka<\/option><option value=\"43\">\u015awie\u017ce Dania Obiadowe i Kanapki<\/option><option value=\"46\">Pozosta\u0142e<\/option><\/select><div class=\"hp-form__field hp-form__field--search\"><input type=\"search\" name=\"s\" value=\"\" placeholder=\"S\u0142owa kluczowe\" maxlength=\"256\" class=\"hp-field hp-field--search\"><\/div><\/div><div class=\"hp-form__footer\"><button type=\"submit\" class=\"hp-form__button button-primary alt button hp-field hp-field--submit\"><span>Szukaj<\/span><\/button><\/div><\/form>\n\n\n<div style=\"height:1px\" aria-hidden=\"true\" class=\"wp-block-spacer\"><\/div>\n\n\n\n<h2 class=\"wp-block-heading has-text-align-center content-title\">Kategorie Produktowe<\/h2>\n\n\n <div class=\"hp-listing-categories hp-grid hp-block\"><div class=\"hp-row\"><div class=\"hp-grid__item hp-col-sm-4 hp-col-xs-12\"><article class=\"hp-listing-category hp-listing-category--view-block\"><header class=\"hp-listing-category__header\"><div class=\"hp-listing-category__image\">\n\t<a href=\"https:\/\/ploh24.pl\/?hp_listing_category=batony-wafle\">\n\t\t\t\t\t<img decoding=\"async\" src=\"https:\/\/ploh24.pl\/wp-content\/uploads\/2025\/12\/batony-wafle.jpg\" alt=\"Batony i Wafle\" loading=\"lazy\">\n\t\t\t<\/a>\n<\/div>\n<div class=\"hp-listing-category__item-count hp-listing-category__count\">35 og\u0142osze\u0144<\/div>\n<\/header><div class=\"hp-listing-category__content\"><h3 class=\"hp-listing-category__name\"><a href=\"https:\/\/ploh24.pl\/?hp_listing_category=batony-wafle\">Batony i Wafle<\/a>\n<\/h3><div class=\"hp-listing-category__details hp-listing-category__details--primary\"><\/div><\/div><\/article><\/div><div class=\"hp-grid__item hp-col-sm-4 hp-col-xs-12\"><article class=\"hp-listing-category hp-listing-category--view-block\"><header class=\"hp-listing-category__header\"><div class=\"hp-listing-category__image\">\n\t<a href=\"https:\/\/ploh24.pl\/?hp_listing_category=chipsy-paluszki\">\n\t\t\t\t\t<img decoding=\"async\" src=\"https:\/\/ploh24.pl\/wp-content\/uploads\/2025\/12\/chipsy.jpg\" alt=\"Chipsy, Paluszki, Pretzle, Popcorn\" loading=\"lazy\">\n\t\t\t<\/a>\n<\/div>\n<div class=\"hp-listing-category__item-count hp-listing-category__count\">14 og\u0142osze\u0144<\/div>\n<\/header><div class=\"hp-listing-category__content\"><h3 class=\"hp-listing-category__name\"><a href=\"https:\/\/ploh24.pl\/?hp_listing_category=chipsy-paluszki\">Chipsy, Paluszki, Pretzle, Popcorn<\/a>\n<\/h3><div class=\"hp-listing-category__details hp-listing-category__details--primary\"><\/div><\/div><\/article><\/div><div class=\"hp-grid__item hp-col-sm-4 hp-col-xs-12\"><article class=\"hp-listing-category hp-listing-category--view-block\"><header class=\"hp-listing-category__header\"><div class=\"hp-listing-category__image\">\n\t<a href=\"https:\/\/ploh24.pl\/?hp_listing_category=drozdzowki-gofry-rogale\">\n\t\t\t\t\t<img decoding=\"async\" src=\"https:\/\/ploh24.pl\/wp-content\/uploads\/2025\/12\/rogale-gofry.jpg\" alt=\"Dro\u017cd\u017c\u00f3wki, Gofry, Rogale\" loading=\"lazy\">\n\t\t\t<\/a>\n<\/div>\n<div class=\"hp-listing-category__item-count hp-listing-category__count\">9 og\u0142osze\u0144<\/div>\n<\/header><div class=\"hp-listing-category__content\"><h3 class=\"hp-listing-category__name\"><a href=\"https:\/\/ploh24.pl\/?hp_listing_category=drozdzowki-gofry-rogale\">Dro\u017cd\u017c\u00f3wki, Gofry, Rogale<\/a>\n<\/h3><div class=\"hp-listing-category__details hp-listing-category__details--primary\"><\/div><\/div><\/article><\/div><div class=\"hp-grid__item hp-col-sm-4 hp-col-xs-12\"><article class=\"hp-listing-category hp-listing-category--view-block\"><header class=\"hp-listing-category__header\"><div class=\"hp-listing-category__image\">\n\t<a href=\"https:\/\/ploh24.pl\/?hp_listing_category=orzeszki-draze-zelki-lizaki\">\n\t\t\t\t\t<img decoding=\"async\" src=\"https:\/\/ploh24.pl\/wp-content\/uploads\/2025\/12\/draze-zelki.jpg\" alt=\"Orzeszki, Dra\u017ce, \u017belki, Lizaki\" loading=\"lazy\">\n\t\t\t<\/a>\n<\/div>\n<div class=\"hp-listing-category__item-count hp-listing-category__count\">5 og\u0142osze\u0144<\/div>\n<\/header><div class=\"hp-listing-category__content\"><h3 class=\"hp-listing-category__name\"><a href=\"https:\/\/ploh24.pl\/?hp_listing_category=orzeszki-draze-zelki-lizaki\">Orzeszki, Dra\u017ce, \u017belki, Lizaki<\/a>\n<\/h3><div class=\"hp-listing-category__details hp-listing-category__details--primary\"><\/div><\/div><\/article><\/div><div class=\"hp-grid__item hp-col-sm-4 hp-col-xs-12\"><article class=\"hp-listing-category hp-listing-category--view-block\"><header class=\"hp-listing-category__header\"><div class=\"hp-listing-category__image\">\n\t<a href=\"https:\/\/ploh24.pl\/?hp_listing_category=kanapki-dania-obiadowe-kabanosy\">\n\t\t\t\t\t<img decoding=\"async\" src=\"https:\/\/ploh24.pl\/wp-content\/uploads\/2025\/12\/dania-obiadowe.jpg\" alt=\"Kanapki, Dania Obiadowe &amp; Kabanosy\" loading=\"lazy\">\n\t\t\t<\/a>\n<\/div>\n<div class=\"hp-listing-category__item-count hp-listing-category__count\">13 og\u0142osze\u0144<\/div>\n<\/header><div class=\"hp-listing-category__content\"><h3 class=\"hp-listing-category__name\"><a href=\"https:\/\/ploh24.pl\/?hp_listing_category=kanapki-dania-obiadowe-kabanosy\">Kanapki, Dania Obiadowe &amp; Kabanosy<\/a>\n<\/h3><div class=\"hp-listing-category__details hp-listing-category__details--primary\"><\/div><\/div><\/article><\/div><div class=\"hp-grid__item hp-col-sm-4 hp-col-xs-12\"><article class=\"hp-listing-category hp-listing-category--view-block\"><header class=\"hp-listing-category__header\"><div class=\"hp-listing-category__image\">\n\t<a href=\"https:\/\/ploh24.pl\/?hp_listing_category=napoje-niegazowane\">\n\t\t\t\t\t<img decoding=\"async\" src=\"https:\/\/ploh24.pl\/wp-content\/uploads\/2025\/12\/napoje-niegazowane.jpg\" alt=\"Napoje Niegazowane\" loading=\"lazy\">\n\t\t\t<\/a>\n<\/div>\n<div class=\"hp-listing-category__item-count hp-listing-category__count\">17 og\u0142osze\u0144<\/div>\n<\/header><div class=\"hp-listing-category__content\"><h3 class=\"hp-listing-category__name\"><a href=\"https:\/\/ploh24.pl\/?hp_listing_category=napoje-niegazowane\">Napoje Niegazowane<\/a>\n<\/h3><div class=\"hp-listing-category__details hp-listing-category__details--primary\"><\/div><\/div><\/article><\/div><div class=\"hp-grid__item hp-col-sm-4 hp-col-xs-12\"><article class=\"hp-listing-category hp-listing-category--view-block\"><header class=\"hp-listing-category__header\"><div class=\"hp-listing-category__image\">\n\t<a href=\"https:\/\/ploh24.pl\/?hp_listing_category=napoje-gazowane\">\n\t\t\t\t\t<img decoding=\"async\" src=\"https:\/\/ploh24.pl\/wp-content\/uploads\/2025\/12\/napoje-gazowane.jpg\" alt=\"Napoje Gazowane\" loading=\"lazy\">\n\t\t\t<\/a>\n<\/div>\n<div class=\"hp-listing-category__item-count hp-listing-category__count\">23 og\u0142oszenia<\/div>\n<\/header><div class=\"hp-listing-category__content\"><h3 class=\"hp-listing-category__name\"><a href=\"https:\/\/ploh24.pl\/?hp_listing_category=napoje-gazowane\">Napoje Gazowane<\/a>\n<\/h3><div class=\"hp-listing-category__details hp-listing-category__details--primary\"><\/div><\/div><\/article><\/div><div class=\"hp-grid__item hp-col-sm-4 hp-col-xs-12\"><article class=\"hp-listing-category hp-listing-category--view-block\"><header class=\"hp-listing-category__header\"><div class=\"hp-listing-category__image\">\n\t<a href=\"https:\/\/ploh24.pl\/?hp_listing_category=produkty-w-proszku\">\n\t\t\t\t\t<img decoding=\"async\" src=\"https:\/\/ploh24.pl\/wp-content\/uploads\/2026\/01\/produkty-w-proszku.jpg\" alt=\"Produkty w Proszku\" loading=\"lazy\">\n\t\t\t<\/a>\n<\/div>\n<div class=\"hp-listing-category__item-count hp-listing-category__count\">9 og\u0142osze\u0144<\/div>\n<\/header><div class=\"hp-listing-category__content\"><h3 class=\"hp-listing-category__name\"><a href=\"https:\/\/ploh24.pl\/?hp_listing_category=produkty-w-proszku\">Produkty w Proszku<\/a>\n<\/h3><div class=\"hp-listing-category__details hp-listing-category__details--primary\"><\/div><\/div><\/article><\/div><div class=\"hp-grid__item hp-col-sm-4 hp-col-xs-12\"><article class=\"hp-listing-category hp-listing-category--view-block\"><header class=\"hp-listing-category__header\"><div class=\"hp-listing-category__image\">\n\t<a href=\"https:\/\/ploh24.pl\/?hp_listing_category=kawa\">\n\t\t\t\t\t<img decoding=\"async\" src=\"https:\/\/ploh24.pl\/wp-content\/uploads\/2026\/01\/kawa.jpg\" alt=\"Kawa\" loading=\"lazy\">\n\t\t\t<\/a>\n<\/div>\n<div class=\"hp-listing-category__item-count hp-listing-category__count\">10 og\u0142osze\u0144<\/div>\n<\/header><div class=\"hp-listing-category__content\"><h3 class=\"hp-listing-category__name\"><a href=\"https:\/\/ploh24.pl\/?hp_listing_category=kawa\">Kawa<\/a>\n<\/h3><div class=\"hp-listing-category__details hp-listing-category__details--primary\"><\/div>\t<div class=\"hp-listing-category__description\">UWAGA &#8211; automaty vendingowe maj\u0105 przypisane r\u00f3\u017cne rodzaje kaw. Uzale\u017cnione jest to od oczekiwa\u0144 danego klienta. Wybieraj te rodzaje\/typy kaw, kt\u00f3r\u0119 wyst\u0119puj\u0105 w obr\u0119bie Twojego rejonu.<\/div>\n\t<\/div><\/article><\/div><div class=\"hp-grid__item hp-col-sm-4 hp-col-xs-12\"><article class=\"hp-listing-category hp-listing-category--view-block\"><header class=\"hp-listing-category__header\"><div class=\"hp-listing-category__image\">\n\t<a href=\"https:\/\/ploh24.pl\/?hp_listing_category=kubki-mieszadelka\">\n\t\t\t\t\t<img decoding=\"async\" src=\"https:\/\/ploh24.pl\/wp-content\/uploads\/2026\/01\/kubki-mieszadelka.jpg\" alt=\"Kubki i mieszade\u0142ka\" loading=\"lazy\">\n\t\t\t<\/a>\n<\/div>\n<div class=\"hp-listing-category__item-count hp-listing-category__count\">8 og\u0142osze\u0144<\/div>\n<\/header><div class=\"hp-listing-category__content\"><h3 class=\"hp-listing-category__name\"><a href=\"https:\/\/ploh24.pl\/?hp_listing_category=kubki-mieszadelka\">Kubki i mieszade\u0142ka<\/a>\n<\/h3><div class=\"hp-listing-category__details hp-listing-category__details--primary\"><\/div><\/div><\/article><\/div><div class=\"hp-grid__item hp-col-sm-4 hp-col-xs-12\"><article class=\"hp-listing-category hp-listing-category--view-block\"><header class=\"hp-listing-category__header\"><div class=\"hp-listing-category__image\">\n\t<a href=\"https:\/\/ploh24.pl\/?hp_listing_category=swieze-dania-obiadowe-kanapki\">\n\t\t\t\t\t<img decoding=\"async\" src=\"https:\/\/ploh24.pl\/wp-content\/uploads\/2026\/01\/dania-dwudniowe.jpg\" alt=\"\u015awie\u017ce Dania Obiadowe i Kanapki\" loading=\"lazy\">\n\t\t\t<\/a>\n<\/div>\n<div class=\"hp-listing-category__item-count hp-listing-category__count\">0 og\u0142osze\u0144<\/div>\n<\/header><div class=\"hp-listing-category__content\"><h3 class=\"hp-listing-category__name\"><a href=\"https:\/\/ploh24.pl\/?hp_listing_category=swieze-dania-obiadowe-kanapki\">\u015awie\u017ce Dania Obiadowe i Kanapki<\/a>\n<\/h3><div class=\"hp-listing-category__details hp-listing-category__details--primary\"><\/div><\/div><\/article><\/div><div class=\"hp-grid__item hp-col-sm-4 hp-col-xs-12\"><article class=\"hp-listing-category hp-listing-category--view-block\"><header class=\"hp-listing-category__header\"><div class=\"hp-listing-category__image\">\n\t<a href=\"https:\/\/ploh24.pl\/?hp_listing_category=pozostale\">\n\t\t\t\t\t<img decoding=\"async\" src=\"https:\/\/ploh24.pl\/wp-content\/uploads\/2025\/12\/pozostale.jpg\" alt=\"Pozosta\u0142e\" loading=\"lazy\">\n\t\t\t<\/a>\n<\/div>\n<div class=\"hp-listing-category__item-count hp-listing-category__count\">0 og\u0142osze\u0144<\/div>\n<\/header><div class=\"hp-listing-category__content\"><h3 class=\"hp-listing-category__name\"><a href=\"https:\/\/ploh24.pl\/?hp_listing_category=pozostale\">Pozosta\u0142e<\/a>\n<\/h3><div class=\"hp-listing-category__details hp-listing-category__details--primary\"><\/div><\/div><\/article><\/div><\/div><\/div>\n\n\n<h2 class=\"wp-block-heading has-text-align-center content-title\">Produkty Szkolne<\/h2>\n\n\n\n<figure class=\"wp-block-image size-full\"><a href=\"https:\/\/ploh24.pl\/?page_id=611\"><img loading=\"lazy\" decoding=\"async\" width=\"1139\" height=\"234\" src=\"https:\/\/ploh24.pl\/wp-content\/uploads\/2026\/01\/produkty-szkolne-2.jpg\" alt=\"\" class=\"wp-image-619\" srcset=\"https:\/\/ploh24.pl\/wp-content\/uploads\/2026\/01\/produkty-szkolne-2.jpg 1139w, https:\/\/ploh24.pl\/wp-content\/uploads\/2026\/01\/produkty-szkolne-2-300x62.jpg 300w, https:\/\/ploh24.pl\/wp-content\/uploads\/2026\/01\/produkty-szkolne-2-1024x210.jpg 1024w, https:\/\/ploh24.pl\/wp-content\/uploads\/2026\/01\/produkty-szkolne-2-768x158.jpg 768w, https:\/\/ploh24.pl\/wp-content\/uploads\/2026\/01\/produkty-szkolne-2-400x82.jpg 400w, https:\/\/ploh24.pl\/wp-content\/uploads\/2026\/01\/produkty-szkolne-2-800x164.jpg 800w\" sizes=\"auto, (max-width: 1139px) 100vw, 1139px\" \/><\/a><\/figure>\n\n\n\n<h2 class=\"wp-block-heading has-text-align-center content-title\">Nowo\u015bci z ostatnich 2 tygodni<\/h2>\n\n\n <div class=\"hp-listings hp-block hp-grid\"><div class=\"hp-row\"><div class=\"hp-grid__item hp-col-sm-4 hp-col-xs-12\"><article class=\"hp-listing hp-listing--view-block hp-listing--featured\"><header class=\"hp-listing__header\">\t<div class=\"hp-listing__featured-badge hp-listing__featured\" title=\"Wyr\u00f3\u017cnione\">\n\t\t<i class=\"hp-icon fas fa-star\"><\/i>\n\t<\/div>\n\t<div class=\"hp-listing__image\" data-component=\"carousel-slider\" data-preview=\"false\" data-aspect-ratio=\"1.3333\" data-url=\"https:\/\/ploh24.pl\/?hp_listing=lion-kakaowy-42g\">\n\t\t\t<a href=\"https:\/\/ploh24.pl\/?hp_listing=lion-kakaowy-42g\">\n\t\t\t\t\t\t\t<img decoding=\"async\" src=\"https:\/\/ploh24.pl\/wp-content\/uploads\/2026\/04\/7613287910561-400x300.jpg\" alt=\"Lion Kakaowy 42g\" loading=\"lazy\">\n\t\t\t\t\t<\/a>\n\t<\/div>\n<\/header><div class=\"hp-listing__content\">\t<div class=\"hp-listing__categories hp-listing__category\">\n\t\t\t\t\t<a href=\"https:\/\/ploh24.pl\/?hp_listing_category=batony-wafle\">Batony i Wafle<\/a>\n\t\t\t<\/div>\n\t<h4 class=\"hp-listing__title\"><a href=\"https:\/\/ploh24.pl\/?hp_listing=lion-kakaowy-42g\">Lion Kakaowy 42g<\/a>\n<\/h4><div class=\"hp-listing__details hp-listing__details--primary\"><time class=\"hp-listing__created-date hp-listing__date hp-meta\" datetime=\"2026-04-15 05:13:25\">\n\tDodane 2026-04-15<\/time>\n<\/div><div class=\"hp-block hp-listing__attributes hp-listing__attributes--ternary\"><\/div><\/div><footer class=\"hp-listing__footer\"><div class=\"hp-block hp-listing__attributes hp-listing__attributes--primary\"><div class=\"hp-listing__attribute hp-listing__attribute--iloscminimalnadisplay\">min. zam.: 40 szt. lub wielokrotno\u015b\u0107.<\/div><div class=\"hp-listing__attribute hp-listing__attribute--zbiorczedisplay\">ilo\u015b\u0107 szt. w op. zbiorczym: 40<\/div><\/div><div class=\"hp-listing__actions hp-listing__actions--primary\"><\/div><\/footer><\/article><\/div><div class=\"hp-grid__item hp-col-sm-4 hp-col-xs-12\"><article class=\"hp-listing hp-listing--view-block hp-listing--featured\"><header class=\"hp-listing__header\">\t<div class=\"hp-listing__featured-badge hp-listing__featured\" title=\"Wyr\u00f3\u017cnione\">\n\t\t<i class=\"hp-icon fas fa-star\"><\/i>\n\t<\/div>\n\t<div class=\"hp-listing__image\" data-component=\"carousel-slider\" data-preview=\"false\" data-aspect-ratio=\"1.3333\" data-url=\"https:\/\/ploh24.pl\/?hp_listing=pepsi-zero-strawberries-puszka-033l-sleek-kaucja\">\n\t\t\t<a href=\"https:\/\/ploh24.pl\/?hp_listing=pepsi-zero-strawberries-puszka-033l-sleek-kaucja\">\n\t\t\t\t\t\t\t<img decoding=\"async\" src=\"https:\/\/ploh24.pl\/wp-content\/uploads\/2026\/04\/5900497051880-400x300.jpg\" alt=\"Pepsi Zero Strawberries puszka 0,33L SLEEK KAUCJA\" loading=\"lazy\">\n\t\t\t\t\t<\/a>\n\t<\/div>\n<\/header><div class=\"hp-listing__content\">\t<div class=\"hp-listing__categories hp-listing__category\">\n\t\t\t\t\t<a href=\"https:\/\/ploh24.pl\/?hp_listing_category=opakowania-gazowane-puszki\">Puszki<\/a>\n\t\t\t<\/div>\n\t<h4 class=\"hp-listing__title\"><a href=\"https:\/\/ploh24.pl\/?hp_listing=pepsi-zero-strawberries-puszka-033l-sleek-kaucja\">Pepsi Zero Strawberries puszka 0,33L SLEEK KAUCJA<\/a>\n<\/h4><div class=\"hp-listing__details hp-listing__details--primary\"><time class=\"hp-listing__created-date hp-listing__date hp-meta\" datetime=\"2026-04-07 20:18:49\">\n\tDodane 2026-04-07<\/time>\n<\/div><div class=\"hp-block hp-listing__attributes hp-listing__attributes--ternary\"><\/div><\/div><footer class=\"hp-listing__footer\"><div class=\"hp-block hp-listing__attributes hp-listing__attributes--primary\"><div class=\"hp-listing__attribute hp-listing__attribute--iloscminimalnazgrzewka\">min. zam.: 24 szt. lub wielokrotno\u015b\u0107.<\/div><div class=\"hp-listing__attribute hp-listing__attribute--zbiorczedisplay\">ilo\u015b\u0107 szt. w op. zbiorczym: 24<\/div><\/div><div class=\"hp-listing__actions hp-listing__actions--primary\"><\/div><\/footer><\/article><\/div><div class=\"hp-grid__item hp-col-sm-4 hp-col-xs-12\"><article class=\"hp-listing hp-listing--view-block hp-listing--featured\"><header class=\"hp-listing__header\">\t<div class=\"hp-listing__featured-badge hp-listing__featured\" title=\"Wyr\u00f3\u017cnione\">\n\t\t<i class=\"hp-icon fas fa-star\"><\/i>\n\t<\/div>\n\t<div class=\"hp-listing__image\" data-component=\"carousel-slider\" data-preview=\"false\" data-aspect-ratio=\"1.3333\" data-url=\"https:\/\/ploh24.pl\/?hp_listing=pepsi-zero-cream-soda-puszka-033l-sleek-kaucja\">\n\t\t\t<a href=\"https:\/\/ploh24.pl\/?hp_listing=pepsi-zero-cream-soda-puszka-033l-sleek-kaucja\">\n\t\t\t\t\t\t\t<img decoding=\"async\" src=\"https:\/\/ploh24.pl\/wp-content\/uploads\/2026\/04\/5900497051866-400x300.jpg\" alt=\"Pepsi Zero Cream Soda puszka 0,33L SLEEK KAUCJA\" loading=\"lazy\">\n\t\t\t\t\t<\/a>\n\t<\/div>\n<\/header><div class=\"hp-listing__content\">\t<div class=\"hp-listing__categories hp-listing__category\">\n\t\t\t\t\t<a href=\"https:\/\/ploh24.pl\/?hp_listing_category=opakowania-gazowane-puszki\">Puszki<\/a>\n\t\t\t<\/div>\n\t<h4 class=\"hp-listing__title\"><a href=\"https:\/\/ploh24.pl\/?hp_listing=pepsi-zero-cream-soda-puszka-033l-sleek-kaucja\">Pepsi Zero Cream Soda puszka 0,33L SLEEK KAUCJA<\/a>\n<\/h4><div class=\"hp-listing__details hp-listing__details--primary\"><time class=\"hp-listing__created-date hp-listing__date hp-meta\" datetime=\"2026-04-07 20:15:26\">\n\tDodane 2026-04-07<\/time>\n<\/div><div class=\"hp-block hp-listing__attributes hp-listing__attributes--ternary\"><\/div><\/div><footer class=\"hp-listing__footer\"><div class=\"hp-block hp-listing__attributes hp-listing__attributes--primary\"><div class=\"hp-listing__attribute hp-listing__attribute--iloscminimalnazgrzewka\">min. zam.: 24 szt. lub wielokrotno\u015b\u0107.<\/div><div class=\"hp-listing__attribute hp-listing__attribute--zbiorczedisplay\">ilo\u015b\u0107 szt. w op. zbiorczym: 24<\/div><\/div><div class=\"hp-listing__actions hp-listing__actions--primary\"><\/div><\/footer><\/article><\/div><\/div><\/div>","protected":false},"excerpt":{"rendered":"<p>Aktualna Oferta &#8211; aktualizacja z dnia 15.04.2026 05:14 Brak produktu na stronie oznacza, \u017ce, zosta\u0142 on definitywnie wycofany z oferty. Produkt LIMITOWANY &#8211; upewnij si\u0119 u swojego opiekuna, \u017ce dany produkt jest dost\u0119pny dla Twojego rejonu\/klienta. Produkt KAUCYJNY &#8211; upewnij si\u0119, \u017ce na Twoim rejonie zosta\u0142 wprowadzony kaucyjny system sprzeda\u017cy.<\/p>\n","protected":false},"author":1,"featured_media":0,"parent":0,"menu_order":0,"comment_status":"closed","ping_status":"closed","template":"","meta":{"footnotes":""},"class_list":["post-8","page","type-page","status-publish","hentry"],"_links":{"self":[{"href":"https:\/\/ploh24.pl\/index.php?rest_route=\/wp\/v2\/pages\/8","targetHints":{"allow":["GET"]}}],"collection":[{"href":"https:\/\/ploh24.pl\/index.php?rest_route=\/wp\/v2\/pages"}],"about":[{"href":"https:\/\/ploh24.pl\/index.php?rest_route=\/wp\/v2\/types\/page"}],"author":[{"embeddable":true,"href":"https:\/\/ploh24.pl\/index.php?rest_route=\/wp\/v2\/users\/1"}],"replies":[{"embeddable":true,"href":"https:\/\/ploh24.pl\/index.php?rest_route=%2Fwp%2Fv2%2Fcomments&post=8"}],"version-history":[{"count":148,"href":"https:\/\/ploh24.pl\/index.php?rest_route=\/wp\/v2\/pages\/8\/revisions"}],"predecessor-version":[{"id":1013,"href":"https:\/\/ploh24.pl\/index.php?rest_route=\/wp\/v2\/pages\/8\/revisions\/1013"}],"wp:attachment":[{"href":"https:\/\/ploh24.pl\/index.php?rest_route=%2Fwp%2Fv2%2Fmedia&parent=8"}],"curies":[{"name":"wp","href":"https:\/\/api.w.org\/{rel}","templated":true}]}}